{"id":2244,"date":"2021-10-18T19:02:01","date_gmt":"2021-10-18T17:02:01","guid":{"rendered":"https:\/\/dietaduranovic.com\/?page_id=2244"},"modified":"2022-05-21T21:07:43","modified_gmt":"2022-05-21T19:07:43","slug":"precios","status":"publish","type":"page","link":"https:\/\/dietaduranovic.com\/es\/precios\/","title":{"rendered":"Precios"},"content":{"rendered":"<p>El precio de la terapia diet\u00e9tica sin un plan de dieta es fijo, al igual que el precio de la elaboraci\u00f3n de un programa de ejercicios. Sin embargo, el costo de la terapia de dieta con un plan de dieta por d\u00eda puede variar en relaci\u00f3n con la cantidad de d\u00edas que se escribe un plan de dieta y la cantidad de comidas diferentes que se incluyen en el plan diario. Se dedica mucho m\u00e1s tiempo a redactar un plan de dieta para 45 comidas diferentes dentro de un plan semanal que a escribir un plan de dieta para 15 o 20 comidas diferentes dentro de un plan de siete d\u00edas. De acuerdo con el tiempo empleado, se forma el precio de la terapia de dieta con un plan de dieta.<\/p>\n<p>&nbsp;<\/p>\n<p><img loading=\"lazy\" decoding=\"async\" class=\"size-medium wp-image-2246 aligncenter\" src=\"https:\/\/dietaduranovic.com\/wp-content\/uploads\/2021\/10\/dinja-570x337.jpg\" alt=\"\" width=\"570\" height=\"337\" \/><\/p>\n<p>&nbsp;<\/p>\n<h3>Lista de precios:<\/h3>\n<ol class=\"bigger-fs\">\n<li><strong>Consulta diet\u00e9tica con dietoterapia compuesta<\/strong> &#8211; 75 euros<\/li>\n<li><strong>Terapia diet\u00e9tica con un plan de dieta, paquete mensual<\/strong> &#8211; desde 250 euros, el precio depende de la extensi\u00f3n del plan<\/li>\n<li><strong>Terapia diet\u00e9tica con un plan de dieta, paquete de tres meses<\/strong> &#8211; desde 330 euros el precio depende de la extensi\u00f3n del plan<\/li>\n<li><strong>Consulta de seguimiento<\/strong> &#8211; 40 euros<\/li>\n<li><strong>Programa de ejercicios<\/strong> &#8211; 60 euros<\/li>\n<\/ol>\n<p>&nbsp;<\/p>\n<p><img loading=\"lazy\" decoding=\"async\" class=\"size-medium wp-image-2295 aligncenter\" src=\"https:\/\/dietaduranovic.com\/wp-content\/uploads\/2021\/10\/oljusteno-voce-2-570x337.jpg\" alt=\"\" width=\"570\" height=\"337\" \/><\/p>\n","protected":false},"excerpt":{"rendered":"<p>El precio de la terapia diet\u00e9tica sin un plan de dieta es fijo, al igual que el precio de la elaboraci\u00f3n de un programa de ejercicios. Sin embargo, el costo de la terapia de dieta con un plan de dieta por d\u00eda puede variar en relaci\u00f3n con la cantidad de<\/p>\n","protected":false},"author":1,"featured_media":0,"parent":0,"menu_order":0,"comment_status":"closed","ping_status":"closed","template":"","meta":{"footnotes":""},"class_list":["post-2244","page","type-page","status-publish","hentry"],"yoast_head":"<!-- This site is optimized with the Yoast SEO plugin v27.4 - https:\/\/yoast.com\/product\/yoast-seo-wordpress\/ -->\n<title>Precios - DietaDuranovic<\/title>\n<meta name=\"description\" content=\"El precio de la terapia diet\u00e9tica sin un plan de dieta es fijo, al igual que el precio de la elaboraci\u00f3n de un programa de ejercicios.\" \/>\n<meta name=\"robots\" content=\"index, follow, max-snippet:-1, max-image-preview:large, max-video-preview:-1\" \/>\n<link rel=\"canonical\" href=\"https:\/\/dietaduranovic.com\/es\/precios\/\" \/>\n<meta property=\"og:locale\" content=\"es_ES\" \/>\n<meta property=\"og:type\" content=\"article\" \/>\n<meta property=\"og:title\" content=\"Precios - DietaDuranovic\" \/>\n<meta property=\"og:description\" content=\"El precio de la terapia diet\u00e9tica sin un plan de dieta es fijo, al igual que el precio de la elaboraci\u00f3n de un programa de ejercicios.\" \/>\n<meta property=\"og:url\" content=\"https:\/\/dietaduranovic.com\/es\/precios\/\" \/>\n<meta property=\"og:site_name\" content=\"DietaDuranovic\" \/>\n<meta property=\"article:modified_time\" content=\"2022-05-21T19:07:43+00:00\" \/>\n<meta property=\"og:image\" content=\"https:\/\/dietaduranovic.com\/wp-content\/uploads\/2021\/10\/dinja-570x337.jpg\" \/>\n<meta name=\"twitter:card\" content=\"summary_large_image\" \/>\n<meta name=\"twitter:label1\" content=\"Tiempo de lectura\" \/>\n\t<meta name=\"twitter:data1\" content=\"2 minutos\" \/>\n<script type=\"application\/ld+json\" class=\"yoast-schema-graph\">{\"@context\":\"https:\\\/\\\/schema.org\",\"@graph\":[{\"@type\":\"WebPage\",\"@id\":\"https:\\\/\\\/dietaduranovic.com\\\/es\\\/precios\\\/\",\"url\":\"https:\\\/\\\/dietaduranovic.com\\\/es\\\/precios\\\/\",\"name\":\"Precios - DietaDuranovic\",\"isPartOf\":{\"@id\":\"https:\\\/\\\/dietaduranovic.com\\\/#website\"},\"primaryImageOfPage\":{\"@id\":\"https:\\\/\\\/dietaduranovic.com\\\/es\\\/precios\\\/#primaryimage\"},\"image\":{\"@id\":\"https:\\\/\\\/dietaduranovic.com\\\/es\\\/precios\\\/#primaryimage\"},\"thumbnailUrl\":\"https:\\\/\\\/dietaduranovic.com\\\/wp-content\\\/uploads\\\/2021\\\/10\\\/dinja-570x337.jpg\",\"datePublished\":\"2021-10-18T17:02:01+00:00\",\"dateModified\":\"2022-05-21T19:07:43+00:00\",\"description\":\"El precio de la terapia diet\u00e9tica sin un plan de dieta es fijo, al igual que el precio de la elaboraci\u00f3n de un programa de ejercicios.\",\"inLanguage\":\"es\",\"potentialAction\":[{\"@type\":\"ReadAction\",\"target\":[\"https:\\\/\\\/dietaduranovic.com\\\/es\\\/precios\\\/\"]}]},{\"@type\":\"ImageObject\",\"inLanguage\":\"es\",\"@id\":\"https:\\\/\\\/dietaduranovic.com\\\/es\\\/precios\\\/#primaryimage\",\"url\":\"https:\\\/\\\/dietaduranovic.com\\\/wp-content\\\/uploads\\\/2021\\\/10\\\/dinja-570x337.jpg\",\"contentUrl\":\"https:\\\/\\\/dietaduranovic.com\\\/wp-content\\\/uploads\\\/2021\\\/10\\\/dinja-570x337.jpg\"},{\"@type\":\"WebSite\",\"@id\":\"https:\\\/\\\/dietaduranovic.com\\\/#website\",\"url\":\"https:\\\/\\\/dietaduranovic.com\\\/\",\"name\":\"DietaDuranovic\",\"description\":\"\",\"potentialAction\":[{\"@type\":\"SearchAction\",\"target\":{\"@type\":\"EntryPoint\",\"urlTemplate\":\"https:\\\/\\\/dietaduranovic.com\\\/?s={search_term_string}\"},\"query-input\":{\"@type\":\"PropertyValueSpecification\",\"valueRequired\":true,\"valueName\":\"search_term_string\"}}],\"inLanguage\":\"es\"}]}<\/script>\n<!-- \/ Yoast SEO plugin. -->","yoast_head_json":{"title":"Precios - DietaDuranovic","description":"El precio de la terapia diet\u00e9tica sin un plan de dieta es fijo, al igual que el precio de la elaboraci\u00f3n de un programa de ejercicios.","robots":{"index":"index","follow":"follow","max-snippet":"max-snippet:-1","max-image-preview":"max-image-preview:large","max-video-preview":"max-video-preview:-1"},"canonical":"https:\/\/dietaduranovic.com\/es\/precios\/","og_locale":"es_ES","og_type":"article","og_title":"Precios - DietaDuranovic","og_description":"El precio de la terapia diet\u00e9tica sin un plan de dieta es fijo, al igual que el precio de la elaboraci\u00f3n de un programa de ejercicios.","og_url":"https:\/\/dietaduranovic.com\/es\/precios\/","og_site_name":"DietaDuranovic","article_modified_time":"2022-05-21T19:07:43+00:00","og_image":[{"url":"https:\/\/dietaduranovic.com\/wp-content\/uploads\/2021\/10\/dinja-570x337.jpg","type":"","width":"","height":""}],"twitter_card":"summary_large_image","twitter_misc":{"Tiempo de lectura":"2 minutos"},"schema":{"@context":"https:\/\/schema.org","@graph":[{"@type":"WebPage","@id":"https:\/\/dietaduranovic.com\/es\/precios\/","url":"https:\/\/dietaduranovic.com\/es\/precios\/","name":"Precios - DietaDuranovic","isPartOf":{"@id":"https:\/\/dietaduranovic.com\/#website"},"primaryImageOfPage":{"@id":"https:\/\/dietaduranovic.com\/es\/precios\/#primaryimage"},"image":{"@id":"https:\/\/dietaduranovic.com\/es\/precios\/#primaryimage"},"thumbnailUrl":"https:\/\/dietaduranovic.com\/wp-content\/uploads\/2021\/10\/dinja-570x337.jpg","datePublished":"2021-10-18T17:02:01+00:00","dateModified":"2022-05-21T19:07:43+00:00","description":"El precio de la terapia diet\u00e9tica sin un plan de dieta es fijo, al igual que el precio de la elaboraci\u00f3n de un programa de ejercicios.","inLanguage":"es","potentialAction":[{"@type":"ReadAction","target":["https:\/\/dietaduranovic.com\/es\/precios\/"]}]},{"@type":"ImageObject","inLanguage":"es","@id":"https:\/\/dietaduranovic.com\/es\/precios\/#primaryimage","url":"https:\/\/dietaduranovic.com\/wp-content\/uploads\/2021\/10\/dinja-570x337.jpg","contentUrl":"https:\/\/dietaduranovic.com\/wp-content\/uploads\/2021\/10\/dinja-570x337.jpg"},{"@type":"WebSite","@id":"https:\/\/dietaduranovic.com\/#website","url":"https:\/\/dietaduranovic.com\/","name":"DietaDuranovic","description":"","potentialAction":[{"@type":"SearchAction","target":{"@type":"EntryPoint","urlTemplate":"https:\/\/dietaduranovic.com\/?s={search_term_string}"},"query-input":{"@type":"PropertyValueSpecification","valueRequired":true,"valueName":"search_term_string"}}],"inLanguage":"es"}]}},"_links":{"self":[{"href":"https:\/\/dietaduranovic.com\/es\/wp-json\/wp\/v2\/pages\/2244","targetHints":{"allow":["GET"]}}],"collection":[{"href":"https:\/\/dietaduranovic.com\/es\/wp-json\/wp\/v2\/pages"}],"about":[{"href":"https:\/\/dietaduranovic.com\/es\/wp-json\/wp\/v2\/types\/page"}],"author":[{"embeddable":true,"href":"https:\/\/dietaduranovic.com\/es\/wp-json\/wp\/v2\/users\/1"}],"replies":[{"embeddable":true,"href":"https:\/\/dietaduranovic.com\/es\/wp-json\/wp\/v2\/comments?post=2244"}],"version-history":[{"count":6,"href":"https:\/\/dietaduranovic.com\/es\/wp-json\/wp\/v2\/pages\/2244\/revisions"}],"predecessor-version":[{"id":2417,"href":"https:\/\/dietaduranovic.com\/es\/wp-json\/wp\/v2\/pages\/2244\/revisions\/2417"}],"wp:attachment":[{"href":"https:\/\/dietaduranovic.com\/es\/wp-json\/wp\/v2\/media?parent=2244"}],"curies":[{"name":"wp","href":"https:\/\/api.w.org\/{rel}","templated":true}]}}