{"id":2230,"date":"2021-10-18T18:42:04","date_gmt":"2021-10-18T16:42:04","guid":{"rendered":"https:\/\/dietaduranovic.com\/?page_id=2230"},"modified":"2021-11-19T14:21:48","modified_gmt":"2021-11-19T13:21:48","slug":"servicios","status":"publish","type":"page","link":"https:\/\/dietaduranovic.com\/es\/servicios\/","title":{"rendered":"Servicios"},"content":{"rendered":"<h4>1. Consulta diet\u00e9tica con dietoterapia<\/h4>\n<div>\n<ul>\n<li>Consulta introductoria de 1 hora<\/li>\n<li>Dietoterapia por grupos de alimentos (1. Cereales, 2. Carne, pescado y huevos, 3. Leche y productos l\u00e1cteos, 4. Grasas y aceites, 5. Verduras, 6. Frutas, 7. Dulces y condimentos, y aditivos-especias)<\/li>\n<li>Consulta luego de crear dietoterapia, donde la misma se presenta<\/li>\n<li>Consejos para el tratamiento t\u00e9rmico de los alimentos<\/li>\n<li>Consejos sobre cu\u00e1ndo comer ciertos alimentos durante el d\u00eda y cu\u00e1ndo no comer<\/li>\n<li>Consejos sobre c\u00f3mo combinar diferentes alimentos en una comida<\/li>\n<li>Recomendaciones para la suplementaci\u00f3n, si es necesario: varios suplementos diet\u00e9ticos, nutrac\u00e9uticos y alimentos funcionales<\/li>\n<li>Recomendaciones cuando se toman hierbas fitoterap\u00e9uticas en forma de t\u00e9s<\/li>\n<li>Cada dietoterapia incluye el c\u00e1lculo del consumo energ\u00e9tico total del paciente durante 24 horas<\/li>\n<\/ul>\n<\/div>\n<p>&nbsp;<\/p>\n<h4>2. Terapia diet\u00e9tica con un plan de dieta por comidas &#8211; paquete mensual<\/h4>\n<div>\n<ul>\n<li>2 a 3 consultas introductorias de 1 hora cada una, donde se toma la anamnesis, el paciente presenta su historia cl\u00ednica con la terapia (incluyendo bioqu\u00edmica, hemograma, medidas antropom\u00e9tricas) y se recoge toda la informaci\u00f3n necesaria para la elaboraci\u00f3n de la dieta<\/li>\n<li>La terapia diet\u00e9tica con un plan de dieta por comida contiene un plan de dieta semanal, cada uno de los 7 d\u00edas contiene de 2 a 7 comidas; el plan de cada comida incluye todos los alimentos que se consumen dentro de esa comida y cada alimento est\u00e1 cuantificado<\/li>\n<li>Consulta luego de elaborar la dietoterapia, cuando la misma se presenta<\/li>\n<li>Consejos para el tratamiento t\u00e9rmico de los alimentos<\/li>\n<li>Recomendaciones para la suplementaci\u00f3n, si es necesario: varios suplementos diet\u00e9ticos, nutrac\u00e9uticos y alimentos funcionales<\/li>\n<li>Recomendaciones cuando se toman hierbas fitoterap\u00e9uticas en forma de t\u00e9s<\/li>\n<li>3 consultas de control con un intervalo de 10 d\u00edas entre cada una, y posterior a la consulta para la presentaci\u00f3n del plan de dieta, donde se discute el curso de la dietoterapia, se realizan los cambios y ajustes necesarios, y se monitorea el progreso del paciente<\/li>\n<\/ul>\n<\/div>\n<p>&nbsp;<\/p>\n<p><img loading=\"lazy\" decoding=\"async\" class=\"size-medium wp-image-2231 aligncenter\" src=\"https:\/\/dietaduranovic.com\/wp-content\/uploads\/2021\/10\/krtolasto-povrce-570x337.jpg\" alt=\"\" width=\"570\" height=\"337\" \/><\/p>\n<p>&nbsp;<\/p>\n<h4>3. Terapia diet\u00e9tica con un plan de dieta por comidas &#8211; paquete de tres meses<\/h4>\n<div>\n<ul>\n<li>2 a 3 consultas introductorias de 1 hora cada una, donde se toma la anamnesis, el paciente presenta su historia cl\u00ednica con terapia (incluyendo bioqu\u00edmica, hemograma, medidas antropom\u00e9tricas) y se recolecta toda la informaci\u00f3n necesaria para la elaboraci\u00f3n la dieta<\/li>\n<li>La terapia diet\u00e9tica con un plan de dieta por comida contiene un plan de dieta semanal, cada uno de los 7 d\u00edas contiene de 2 a 7 comidas; el plan de cada comida incluye todos los alimentos que se consumen dentro de esa comida y cada alimento est\u00e1 cuantificado<\/li>\n<li>Consulta luego de elaborar la dietoterapia, cuando la misma se presenta<\/li>\n<li>Consejos para el tratamiento t\u00e9rmico de los alimentos<\/li>\n<li>Recomendaciones para la suplementaci\u00f3n, si es necesario: varios suplementos diet\u00e9ticos, nutrac\u00e9uticos y alimentos funcionales<\/li>\n<li>Recomendaciones cuando se toman hierbas fitoterap\u00e9uticas en forma de t\u00e9s<\/li>\n<li>6 consultas de control, tras consulta de presentaci\u00f3n del plan de dieta, las primeras 3 con un intervalo de 10 d\u00edas entre cada una, las pr\u00f3ximas 3 con un intervalo de 20 d\u00edas entre cada una, donde se discute el curso de la dietoterapia, se realizan los cambios y ajustes necesarios, y se monitorea el progreso del paciente<\/li>\n<\/ul>\n<\/div>\n<p>&nbsp;<\/p>\n<h4>4. Consulta de seguimiento<\/h4>\n<p>&nbsp;<\/p>\n<p>&nbsp;<\/p>\n<h4>5. Programa de ejercicios<\/h4>\n<p>No incluye el programa para las condiciones agudas que requieren terapia f\u00edsica, es decir, ejercicios de kinesiterapia.<\/p>\n<div>\n<ul>\n<li>Consulta introductoria de 45 min<\/li>\n<li>Programa de ejercicio semanal compilado por d\u00edas, incluye entrenamiento cardiovascular, entrenamiento de fuerza, ejercicios en el suelo y ejercicios de estiramiento (cada ejercicio se explica por separado, as\u00ed como el n\u00famero de repeticiones, duraci\u00f3n del ejercicio, tiempo de descanso, etc.)<\/li>\n<li>Consulta con la presentaci\u00f3n del programa de ejercicios<\/li>\n<\/ul>\n<\/div>\n<p>&nbsp;<\/p>\n<p><img loading=\"lazy\" decoding=\"async\" class=\"size-medium wp-image-2234 aligncenter\" src=\"https:\/\/dietaduranovic.com\/wp-content\/uploads\/2021\/10\/zacini-570x337.jpg\" alt=\"\" width=\"570\" height=\"337\" \/><\/p>\n","protected":false},"excerpt":{"rendered":"<p>1. Consulta diet\u00e9tica con dietoterapia Consulta introductoria de 1 hora Dietoterapia por grupos de alimentos (1. Cereales, 2. Carne, pescado y huevos, 3. Leche y productos l\u00e1cteos, 4. Grasas y aceites, 5. Verduras, 6. Frutas, 7. Dulces y condimentos, y aditivos-especias) Consulta luego de crear dietoterapia, donde la misma se<\/p>\n","protected":false},"author":1,"featured_media":0,"parent":0,"menu_order":0,"comment_status":"closed","ping_status":"closed","template":"","meta":{"footnotes":""},"class_list":["post-2230","page","type-page","status-publish","hentry"],"yoast_head":"<!-- This site is optimized with the Yoast SEO plugin v27.4 - https:\/\/yoast.com\/product\/yoast-seo-wordpress\/ -->\n<title>Servicios - DietaDuranovic<\/title>\n<meta name=\"description\" content=\"Los servicios de terapia diet\u00e9tica, para los que puede comunicarse conmigo, incluyen los siguientes elementos: 1. Consulta diet\u00e9tica con...\" \/>\n<meta name=\"robots\" content=\"index, follow, max-snippet:-1, max-image-preview:large, max-video-preview:-1\" \/>\n<link rel=\"canonical\" href=\"https:\/\/dietaduranovic.com\/es\/servicios\/\" \/>\n<meta property=\"og:locale\" content=\"es_ES\" \/>\n<meta property=\"og:type\" content=\"article\" \/>\n<meta property=\"og:title\" content=\"Servicios - DietaDuranovic\" \/>\n<meta property=\"og:description\" content=\"Los servicios de terapia diet\u00e9tica, para los que puede comunicarse conmigo, incluyen los siguientes elementos: 1. Consulta diet\u00e9tica con...\" \/>\n<meta property=\"og:url\" content=\"https:\/\/dietaduranovic.com\/es\/servicios\/\" \/>\n<meta property=\"og:site_name\" content=\"DietaDuranovic\" \/>\n<meta property=\"article:modified_time\" content=\"2021-11-19T13:21:48+00:00\" \/>\n<meta property=\"og:image\" content=\"https:\/\/dietaduranovic.com\/wp-content\/uploads\/2021\/10\/krtolasto-povrce-570x337.jpg\" \/>\n<meta name=\"twitter:card\" content=\"summary_large_image\" \/>\n<meta name=\"twitter:label1\" content=\"Tiempo de lectura\" \/>\n\t<meta name=\"twitter:data1\" content=\"4 minutos\" \/>\n<script type=\"application\/ld+json\" class=\"yoast-schema-graph\">{\"@context\":\"https:\\\/\\\/schema.org\",\"@graph\":[{\"@type\":\"WebPage\",\"@id\":\"https:\\\/\\\/dietaduranovic.com\\\/es\\\/servicios\\\/\",\"url\":\"https:\\\/\\\/dietaduranovic.com\\\/es\\\/servicios\\\/\",\"name\":\"Servicios - DietaDuranovic\",\"isPartOf\":{\"@id\":\"https:\\\/\\\/dietaduranovic.com\\\/#website\"},\"primaryImageOfPage\":{\"@id\":\"https:\\\/\\\/dietaduranovic.com\\\/es\\\/servicios\\\/#primaryimage\"},\"image\":{\"@id\":\"https:\\\/\\\/dietaduranovic.com\\\/es\\\/servicios\\\/#primaryimage\"},\"thumbnailUrl\":\"https:\\\/\\\/dietaduranovic.com\\\/wp-content\\\/uploads\\\/2021\\\/10\\\/krtolasto-povrce-570x337.jpg\",\"datePublished\":\"2021-10-18T16:42:04+00:00\",\"dateModified\":\"2021-11-19T13:21:48+00:00\",\"description\":\"Los servicios de terapia diet\u00e9tica, para los que puede comunicarse conmigo, incluyen los siguientes elementos: 1. Consulta diet\u00e9tica con...\",\"inLanguage\":\"es\",\"potentialAction\":[{\"@type\":\"ReadAction\",\"target\":[\"https:\\\/\\\/dietaduranovic.com\\\/es\\\/servicios\\\/\"]}]},{\"@type\":\"ImageObject\",\"inLanguage\":\"es\",\"@id\":\"https:\\\/\\\/dietaduranovic.com\\\/es\\\/servicios\\\/#primaryimage\",\"url\":\"https:\\\/\\\/dietaduranovic.com\\\/wp-content\\\/uploads\\\/2021\\\/10\\\/krtolasto-povrce-570x337.jpg\",\"contentUrl\":\"https:\\\/\\\/dietaduranovic.com\\\/wp-content\\\/uploads\\\/2021\\\/10\\\/krtolasto-povrce-570x337.jpg\"},{\"@type\":\"WebSite\",\"@id\":\"https:\\\/\\\/dietaduranovic.com\\\/#website\",\"url\":\"https:\\\/\\\/dietaduranovic.com\\\/\",\"name\":\"DietaDuranovic\",\"description\":\"\",\"potentialAction\":[{\"@type\":\"SearchAction\",\"target\":{\"@type\":\"EntryPoint\",\"urlTemplate\":\"https:\\\/\\\/dietaduranovic.com\\\/?s={search_term_string}\"},\"query-input\":{\"@type\":\"PropertyValueSpecification\",\"valueRequired\":true,\"valueName\":\"search_term_string\"}}],\"inLanguage\":\"es\"}]}<\/script>\n<!-- \/ Yoast SEO plugin. -->","yoast_head_json":{"title":"Servicios - DietaDuranovic","description":"Los servicios de terapia diet\u00e9tica, para los que puede comunicarse conmigo, incluyen los siguientes elementos: 1. Consulta diet\u00e9tica con...","robots":{"index":"index","follow":"follow","max-snippet":"max-snippet:-1","max-image-preview":"max-image-preview:large","max-video-preview":"max-video-preview:-1"},"canonical":"https:\/\/dietaduranovic.com\/es\/servicios\/","og_locale":"es_ES","og_type":"article","og_title":"Servicios - DietaDuranovic","og_description":"Los servicios de terapia diet\u00e9tica, para los que puede comunicarse conmigo, incluyen los siguientes elementos: 1. Consulta diet\u00e9tica con...","og_url":"https:\/\/dietaduranovic.com\/es\/servicios\/","og_site_name":"DietaDuranovic","article_modified_time":"2021-11-19T13:21:48+00:00","og_image":[{"url":"https:\/\/dietaduranovic.com\/wp-content\/uploads\/2021\/10\/krtolasto-povrce-570x337.jpg","type":"","width":"","height":""}],"twitter_card":"summary_large_image","twitter_misc":{"Tiempo de lectura":"4 minutos"},"schema":{"@context":"https:\/\/schema.org","@graph":[{"@type":"WebPage","@id":"https:\/\/dietaduranovic.com\/es\/servicios\/","url":"https:\/\/dietaduranovic.com\/es\/servicios\/","name":"Servicios - DietaDuranovic","isPartOf":{"@id":"https:\/\/dietaduranovic.com\/#website"},"primaryImageOfPage":{"@id":"https:\/\/dietaduranovic.com\/es\/servicios\/#primaryimage"},"image":{"@id":"https:\/\/dietaduranovic.com\/es\/servicios\/#primaryimage"},"thumbnailUrl":"https:\/\/dietaduranovic.com\/wp-content\/uploads\/2021\/10\/krtolasto-povrce-570x337.jpg","datePublished":"2021-10-18T16:42:04+00:00","dateModified":"2021-11-19T13:21:48+00:00","description":"Los servicios de terapia diet\u00e9tica, para los que puede comunicarse conmigo, incluyen los siguientes elementos: 1. Consulta diet\u00e9tica con...","inLanguage":"es","potentialAction":[{"@type":"ReadAction","target":["https:\/\/dietaduranovic.com\/es\/servicios\/"]}]},{"@type":"ImageObject","inLanguage":"es","@id":"https:\/\/dietaduranovic.com\/es\/servicios\/#primaryimage","url":"https:\/\/dietaduranovic.com\/wp-content\/uploads\/2021\/10\/krtolasto-povrce-570x337.jpg","contentUrl":"https:\/\/dietaduranovic.com\/wp-content\/uploads\/2021\/10\/krtolasto-povrce-570x337.jpg"},{"@type":"WebSite","@id":"https:\/\/dietaduranovic.com\/#website","url":"https:\/\/dietaduranovic.com\/","name":"DietaDuranovic","description":"","potentialAction":[{"@type":"SearchAction","target":{"@type":"EntryPoint","urlTemplate":"https:\/\/dietaduranovic.com\/?s={search_term_string}"},"query-input":{"@type":"PropertyValueSpecification","valueRequired":true,"valueName":"search_term_string"}}],"inLanguage":"es"}]}},"_links":{"self":[{"href":"https:\/\/dietaduranovic.com\/es\/wp-json\/wp\/v2\/pages\/2230","targetHints":{"allow":["GET"]}}],"collection":[{"href":"https:\/\/dietaduranovic.com\/es\/wp-json\/wp\/v2\/pages"}],"about":[{"href":"https:\/\/dietaduranovic.com\/es\/wp-json\/wp\/v2\/types\/page"}],"author":[{"embeddable":true,"href":"https:\/\/dietaduranovic.com\/es\/wp-json\/wp\/v2\/users\/1"}],"replies":[{"embeddable":true,"href":"https:\/\/dietaduranovic.com\/es\/wp-json\/wp\/v2\/comments?post=2230"}],"version-history":[{"count":12,"href":"https:\/\/dietaduranovic.com\/es\/wp-json\/wp\/v2\/pages\/2230\/revisions"}],"predecessor-version":[{"id":2361,"href":"https:\/\/dietaduranovic.com\/es\/wp-json\/wp\/v2\/pages\/2230\/revisions\/2361"}],"wp:attachment":[{"href":"https:\/\/dietaduranovic.com\/es\/wp-json\/wp\/v2\/media?parent=2230"}],"curies":[{"name":"wp","href":"https:\/\/api.w.org\/{rel}","templated":true}]}}