{"id":2216,"date":"2021-10-18T18:25:43","date_gmt":"2021-10-18T16:25:43","guid":{"rendered":"https:\/\/dietaduranovic.com\/?page_id=2216"},"modified":"2021-10-18T18:30:34","modified_gmt":"2021-10-18T16:30:34","slug":"dietoterapia","status":"publish","type":"page","link":"https:\/\/dietaduranovic.com\/es\/dietoterapia\/","title":{"rendered":"Dietoterapia"},"content":{"rendered":"<p class=\"western\" lang=\"en-US\" align=\"justify\"><span style=\"font-size: medium;\"><span lang=\"sr-Latn-RS\"><img loading=\"lazy\" decoding=\"async\" class=\"alignleft wp-image-2224\" src=\"https:\/\/dietaduranovic.com\/wp-content\/uploads\/2021\/10\/smokve-570x337.jpg\" alt=\"\" width=\"400\" height=\"562\" \/>Dietoterapia, o coloquialmente dieta, es el nombre no solo de un plan de dieta cuyo objetivo final es la reducci\u00f3n o aumento del peso corporal, sino que es principalmente una terapia con tratamiento alimentario de varios tipos de enfermedades. Es por eso que recientemente se le ha llamado profesionalmente terapia nutricional m\u00e9dica (MNT).<\/span><\/span><\/p>\n<p class=\"western\" lang=\"en-US\" align=\"justify\"><span style=\"font-size: medium;\"><span lang=\"sr-Latn-RS\">En la mayor\u00eda de las enfermedades, la terapia diet\u00e9tica prescrita correctamente puede ayudar directamente a curar, aliviar los s\u00edntomas de la enfermedad, prevenir o retrasar el desarrollo no deseado de la enfermedad y, en algunas enfermedades, la terapia diet\u00e9tica juega un papel crucial en la terapia. <\/span><\/span><\/p>\n<p class=\"western\" lang=\"en-US\" align=\"justify\"><span style=\"font-size: medium;\"><span lang=\"sr-Latn-RS\"><img loading=\"lazy\" decoding=\"async\" class=\"alignright wp-image-2221\" src=\"https:\/\/dietaduranovic.com\/wp-content\/uploads\/2021\/10\/rakovi-e1634574514633-570x337.jpg\" alt=\"\" width=\"400\" height=\"267\" srcset=\"https:\/\/dietaduranovic.com\/wp-content\/uploads\/2021\/10\/rakovi-e1634574514633-768x512.jpg 768w, https:\/\/dietaduranovic.com\/wp-content\/uploads\/2021\/10\/rakovi-e1634574514633.jpg 1024w\" sizes=\"auto, (max-width: 400px) 100vw, 400px\" \/>El proceso de creaci<\/span><\/span><span style=\"font-size: medium;\"><span lang=\"es-AR\">\u00f3n<\/span><\/span><span style=\"font-size: medium;\"><span lang=\"sr-Latn-RS\"> de una dietoterapia comienza con la toma de antecedentes personales y nutricionales, familiariz\u00e1ndose con el diagn\u00f3stico y la terapia del paciente, luego con la historia familiar y las encuestas socioepidemiol\u00f3gicas, que incluyen los h\u00e1bitos del paciente, las condiciones de vida, la dieta y los h\u00e1bitos alimenticios, condiciones higi\u00e9nicas de vida, actividad f\u00edsica, posible ingesta de sustancias psicoactivas, h\u00e1bito de fumar, etc. Luego hay una encuesta de nutrici\u00f3n, si la terapia diet\u00e9tica se compila con un plan de alimentaci\u00f3n por comidas, donde el paciente ingresa datos sobre qu\u00e9 y cu\u00e1ndo comi\u00f3 y bebi\u00f3 durante uno o tres d\u00edas representativos, con toda sintomatolog\u00eda posible sanitaria que la acompa\u00f1a. Despu\u00e9s de todo, se realiza una encuesta sobre los alimentos que al paciente le gusta o no le gusta consumir. <\/span><\/span><\/p>\n<p class=\"western\" lang=\"en-US\" align=\"justify\"><span style=\"font-size: medium;\"><span lang=\"sr-Latn-RS\"><img loading=\"lazy\" decoding=\"async\" class=\"alignleft wp-image-2218\" src=\"https:\/\/dietaduranovic.com\/wp-content\/uploads\/2021\/10\/pecurke-570x337.jpg\" alt=\"\" width=\"400\" height=\"245\" srcset=\"https:\/\/dietaduranovic.com\/wp-content\/uploads\/2021\/10\/pecurke-768x471.jpg 768w, https:\/\/dietaduranovic.com\/wp-content\/uploads\/2021\/10\/pecurke.jpg 1024w\" sizes=\"auto, (max-width: 400px) 100vw, 400px\" \/>Una vez compuesta, la terapia diet\u00e9tica no necesita cambiarse con frecuencia, sino que solo debe ajustarse al nuevo estado de la enfermedad. Esto, por supuesto, no se aplica solamente cuando se trata de enfermedades y afecciones agudas.<\/span><\/span><\/p>\n<p class=\"western\" lang=\"en-US\" align=\"justify\"><span style=\"font-size: medium;\"><span lang=\"sr-Latn-RS\">Mencionaremos algunas de las terapias diet\u00e9ticas que se ofrecen, pero por supuesto, como ya se describi\u00f3, cada terapia diet\u00e9tica es individual y representa una combinaci\u00f3n de diferentes terapias diet\u00e9ticas para diferentes enfermedades y condiciones patol\u00f3gicas, teniendo en cuenta todos los factores ya mencionados (como h\u00e1bitos alimentarios), disponibilidad de determinados alimentos, terapia, bioqu\u00edmica, hemograma del paciente, etc.):<\/span><\/span><\/p>\n<div>\n<ul>\n<li>Dieta para la hipertensi\u00f3n<\/li>\n<li>Dieta para hiperlipidemia y hipercolesterolemia<\/li>\n<li>Dieta para aterosclerosis<\/li>\n<li>Dieta para tromboflebitis ( trombosis )<\/li>\n<li>Dieta para el infarto de miocardio<\/li>\n<li>Dieta en trasplante de coraz\u00f3n<\/li>\n<li>Dieta para el s\u00edndrome metab\u00f3lico<\/li>\n<li>Dieta para la enfermedad vascular perif\u00e9rica<\/li>\n<li>Dieta en cardiomiopat\u00edas<\/li>\n<li>Dieta para isquemia mioc\u00e1rdica (angina de pecho)<\/li>\n<li>Dieta para insuficiencia cardiaca ( compensada y descompensada)<\/li>\n<li>Dieta para varios tipos de anemias<\/li>\n<li>Dieta en las enfermedades de faringe y de cavidad bucal<\/li>\n<li>Dieta para la disfagia<\/li>\n<li>Dieta para esofagitis eosinof\u00edlica<\/li>\n<li>Dieta para acalasia<\/li>\n<li>Dieta para pirosis ( \u00e1cido)<\/li>\n<li>Dieta para hernia de hiato<\/li>\n<li>Dieta para ERGE ( enfermedad por reflujo gastroesof\u00e1gico )<\/li>\n<li>Dieta para n\u00e1usea y v\u00f3mito<\/li>\n<li>Dieta para gastritis aguda<\/li>\n<li>Dieta para gastritis cr\u00f3nica<\/li>\n<li>Dieta para \u00falcera p\u00e9ptica en el est\u00f3mago ( fase aguda y fase de remisi\u00f3n )<\/li>\n<li>Dieta para \u00falcera p\u00e9ptica duodenal<\/li>\n<li>Dieta para gastrectom\u00eda<\/li>\n<li>Dieta para resecci\u00f3n del intestino delgado<\/li>\n<li>Dieta para el s\u00edndrome de intestino corto<\/li>\n<li>Dieta posoperativa en cirug\u00eda bari\u00e1trica<\/li>\n<li>Dieta para diarrea<\/li>\n<li>Dieta para dispepsia<\/li>\n<li>Dieta para la intolerancia a la lactosa<\/li>\n<li>Dieta para la intolerancia al gluten<\/li>\n<li>Dieta para enteropat\u00eda sensible al gluten ( enfermedad cel\u00edaca)<\/li>\n<li>Dieta para la enfermedad de Crohn<\/li>\n<li>Dieta para enterocolitis<\/li>\n<li>Dieta contra los par\u00e1sitos intestinales<\/li>\n<li>Dieta para SII ( el s\u00edndrome del intestino irritable)<\/li>\n<li>Dieta para la resecci\u00f3n del intestino grueso<\/li>\n<li>Dieta para la enfermedad diverticular del colon ( diverticulitis )<\/li>\n<li>Dieta para colitis aguda ( inflamaci\u00f3n del colon )<\/li>\n<li>Dieta para colitis ulcerosa<\/li>\n<li>Dieta para el meteorismo intestinal ( gases )<\/li>\n<li>Dieta para estre\u00f1imiento<\/li>\n<li>Dieta para obstipaci\u00f3n<\/li>\n<li>Dieta para las hemorroides<\/li>\n<li>Dieta para colecistitis aguda ( inflamaci\u00f3n de la ves\u00edcula biliar)<\/li>\n<li>Dieta para colecistitis cr\u00f3nica<\/li>\n<li>Dieta para colelitiasis ( c\u00e1lculos en la ves\u00edcula biliar )<\/li>\n<li>Dieta para colestasis<\/li>\n<li>Dieta para cirrosis biliar<\/li>\n<li>Dieta para esteatosis hep\u00e1tica ( enfermedad de h\u00edgado graso )<\/li>\n<li>Dieta para hepatitis aguda<\/li>\n<li>Dieta para hepatitis cr\u00f3nica<\/li>\n<li>Dieta para cirrosis hep\u00e1tica<\/li>\n<li>Dieta para las porfirias<\/li>\n<li>Dieta para la ascitis<\/li>\n<li>Dieta para la ictericia<\/li>\n<li>Dieta para la insuficiencia hep\u00e1tica ( encefalopat\u00eda hep\u00e1tica)<\/li>\n<li>Dieta para trasplante del h\u00edgado<\/li>\n<li>Dieta para pancreatitis aguda<\/li>\n<li>Dieta para pancreatitis cr\u00f3nica<\/li>\n<li>Dieta para la insuficiencia pancre\u00e1tica<\/li>\n<li>Dieta para trasplante de p\u00e1ncreas<\/li>\n<li>Dieta en obesidad<\/li>\n<li>Dieta para diabetes tipo 1 ( diabetes insulinodependiente)<\/li>\n<li>Dieta para diabetes tipo 2 ( diabetes no insulinodependiente)<\/li>\n<li>Dieta para diabetes gestacional<\/li>\n<li>Dieta para resistencia a la insulina<\/li>\n<li>Dieta para prediabetes<\/li>\n<li>Dieta para el s\u00edndrome de Cushing<\/li>\n<li>Dieta para el hipopituitarismo<\/li>\n<li>Dieta para diabetes ins\u00edpida<\/li>\n<li>Dieta para el s\u00edndrome del ovario poliqu\u00edstico<\/li>\n<li>Dieta para la enfermedad de Addison<\/li>\n<li>Dieta para hipertiroidismo ( la enfermedad de Graves)<\/li>\n<li>Dieta para hipotiroidismo<\/li>\n<li>Dieta para la enfermedad de Hashimoto<\/li>\n<li>Dieta para hiperparatiroidismo e hipercalcemia<\/li>\n<li>Dieta para hipoparatiroidismo e hipocalcemia<\/li>\n<li>Dieta para distrofia muscular<\/li>\n<li>Dieta para fibromialgia<\/li>\n<li>Dieta para osteoartritis<\/li>\n<li>Dieta para artritis reumatoide<\/li>\n<li>Dieta para osteomalacia<\/li>\n<li>Dieta para osteopenia e osteoporosis<\/li>\n<li>Dieta para escleroderma<\/li>\n<li>Dieta para la gota<\/li>\n<li>Dieta para el lupus eritematoso sist\u00e9mico<\/li>\n<li>Dieta para vasculitis<\/li>\n<li>Dieta para el p\u00e9nfigo vulgar<\/li>\n<li>Dieta para la psoriasis<\/li>\n<li>Dieta para urticaria<\/li>\n<li>Dieta para eccema ( dermatitis at\u00f3pica )<\/li>\n<li>Dieta para celulitis<\/li>\n<li>Dieta para eritema nodoso<\/li>\n<li>Dieta para EPOC ( enfermedad pulmonar obstructiva cr\u00f3nica)<\/li>\n<li>Dieta para el asma<\/li>\n<li>Dieta para fibrosis qu\u00edstica<\/li>\n<li>Dieta para quilot\u00f3rax<\/li>\n<li>Dieta para sarcoidosis<\/li>\n<li>Dietas para las enfermedades infecciosas agudas<\/li>\n<li>Dietas para las enfermedades infecciosas agudas de duraci\u00f3n extendida<\/li>\n<li>Dietas para las enfermedades infecciosas cr\u00f3nicas<\/li>\n<li>Dieta para la tuberculosis<\/li>\n<li>Dieta para el SIDA<\/li>\n<li>Dieta en la prevenci\u00f3n del c\u00e1ncer<\/li>\n<li>Dietas para varios tipos del c\u00e1ncer<\/li>\n<li>Nutrici\u00f3n despu\u00e9s del c\u00e1ncer<\/li>\n<li>Dieta para quemadura<\/li>\n<li>Dieta para sepsis<\/li>\n<li>Dieta para glomerulonefritis aguda<\/li>\n<li>Dieta para glomerulonefritis cr\u00f3nica<\/li>\n<li>Dieta para el s\u00edndrome nefr\u00edtico<\/li>\n<li>Dieta para insuficiencia renal aguda<\/li>\n<li>Dieta para insuficiencia renal cr\u00f3nica<\/li>\n<li>Dieta para nefropat\u00eda diab\u00e9tica<\/li>\n<li>Dieta para la enfermedad renal poliqu\u00edstica<\/li>\n<li>Dieta para nefrolitiasis ( c\u00e1lculos renales)<\/li>\n<li>Dieta para la di\u00e1lisis ( hemodi\u00e1lisis )<\/li>\n<li>Dieta para di\u00e1lisis peritoneal<\/li>\n<li>Dieta para trasplante de ri\u00f1\u00f3n<\/li>\n<li>Dieta para la enfermedad de Alzheimer<\/li>\n<li>Dieta para la enfermedad de Parkinson<\/li>\n<li>Dieta para migra\u00f1a ( jaqueca)<\/li>\n<li>Dieta para la anorexia nerviosa<\/li>\n<li>Dieta para la bulimia<\/li>\n<li>Dieta para malnutrici\u00f3n\/ desnutrici\u00f3n ( Kwashiorkor y el marasmo)<\/li>\n<li>Dietas para varias deficiencias de vitaminas<\/li>\n<li>Varias dietas diagn\u00f3sticas<\/li>\n<\/ul>\n<\/div>\n","protected":false},"excerpt":{"rendered":"<p>Dietoterapia, o coloquialmente dieta, es el nombre no solo de un plan de dieta cuyo objetivo final es la reducci\u00f3n o aumento del peso corporal, sino que es principalmente una terapia con tratamiento alimentario de varios tipos de enfermedades. Es por eso que recientemente se le ha llamado profesionalmente terapia<\/p>\n","protected":false},"author":1,"featured_media":0,"parent":0,"menu_order":0,"comment_status":"closed","ping_status":"closed","template":"","meta":{"footnotes":""},"class_list":["post-2216","page","type-page","status-publish","hentry"],"yoast_head":"<!-- This site is optimized with the Yoast SEO plugin v27.4 - https:\/\/yoast.com\/product\/yoast-seo-wordpress\/ -->\n<title>Dietoterapia - DietaDuranovic<\/title>\n<meta name=\"description\" content=\"Dietoterapia, o coloquialmente dieta, es el nombre no solo de un plan de dieta cuyo objetivo final es la reducci\u00f3n o aumento del peso...\" \/>\n<meta name=\"robots\" content=\"index, follow, max-snippet:-1, max-image-preview:large, max-video-preview:-1\" \/>\n<link rel=\"canonical\" href=\"https:\/\/dietaduranovic.com\/es\/dietoterapia\/\" \/>\n<meta property=\"og:locale\" content=\"es_ES\" \/>\n<meta property=\"og:type\" content=\"article\" \/>\n<meta property=\"og:title\" content=\"Dietoterapia - DietaDuranovic\" \/>\n<meta property=\"og:description\" content=\"Dietoterapia, o coloquialmente dieta, es el nombre no solo de un plan de dieta cuyo objetivo final es la reducci\u00f3n o aumento del peso...\" \/>\n<meta property=\"og:url\" content=\"https:\/\/dietaduranovic.com\/es\/dietoterapia\/\" \/>\n<meta property=\"og:site_name\" content=\"DietaDuranovic\" \/>\n<meta property=\"article:modified_time\" content=\"2021-10-18T16:30:34+00:00\" \/>\n<meta property=\"og:image\" content=\"https:\/\/dietaduranovic.com\/wp-content\/uploads\/2021\/10\/smokve-570x337.jpg\" \/>\n<meta name=\"twitter:card\" content=\"summary_large_image\" \/>\n<meta name=\"twitter:label1\" content=\"Tiempo de lectura\" \/>\n\t<meta name=\"twitter:data1\" content=\"5 minutos\" \/>\n<script type=\"application\/ld+json\" class=\"yoast-schema-graph\">{\"@context\":\"https:\\\/\\\/schema.org\",\"@graph\":[{\"@type\":\"WebPage\",\"@id\":\"https:\\\/\\\/dietaduranovic.com\\\/es\\\/dietoterapia\\\/\",\"url\":\"https:\\\/\\\/dietaduranovic.com\\\/es\\\/dietoterapia\\\/\",\"name\":\"Dietoterapia - DietaDuranovic\",\"isPartOf\":{\"@id\":\"https:\\\/\\\/dietaduranovic.com\\\/#website\"},\"primaryImageOfPage\":{\"@id\":\"https:\\\/\\\/dietaduranovic.com\\\/es\\\/dietoterapia\\\/#primaryimage\"},\"image\":{\"@id\":\"https:\\\/\\\/dietaduranovic.com\\\/es\\\/dietoterapia\\\/#primaryimage\"},\"thumbnailUrl\":\"https:\\\/\\\/dietaduranovic.com\\\/wp-content\\\/uploads\\\/2021\\\/10\\\/smokve-570x337.jpg\",\"datePublished\":\"2021-10-18T16:25:43+00:00\",\"dateModified\":\"2021-10-18T16:30:34+00:00\",\"description\":\"Dietoterapia, o coloquialmente dieta, es el nombre no solo de un plan de dieta cuyo objetivo final es la reducci\u00f3n o aumento del peso...\",\"inLanguage\":\"es\",\"potentialAction\":[{\"@type\":\"ReadAction\",\"target\":[\"https:\\\/\\\/dietaduranovic.com\\\/es\\\/dietoterapia\\\/\"]}]},{\"@type\":\"ImageObject\",\"inLanguage\":\"es\",\"@id\":\"https:\\\/\\\/dietaduranovic.com\\\/es\\\/dietoterapia\\\/#primaryimage\",\"url\":\"https:\\\/\\\/dietaduranovic.com\\\/wp-content\\\/uploads\\\/2021\\\/10\\\/smokve-570x337.jpg\",\"contentUrl\":\"https:\\\/\\\/dietaduranovic.com\\\/wp-content\\\/uploads\\\/2021\\\/10\\\/smokve-570x337.jpg\"},{\"@type\":\"WebSite\",\"@id\":\"https:\\\/\\\/dietaduranovic.com\\\/#website\",\"url\":\"https:\\\/\\\/dietaduranovic.com\\\/\",\"name\":\"DietaDuranovic\",\"description\":\"\",\"potentialAction\":[{\"@type\":\"SearchAction\",\"target\":{\"@type\":\"EntryPoint\",\"urlTemplate\":\"https:\\\/\\\/dietaduranovic.com\\\/?s={search_term_string}\"},\"query-input\":{\"@type\":\"PropertyValueSpecification\",\"valueRequired\":true,\"valueName\":\"search_term_string\"}}],\"inLanguage\":\"es\"}]}<\/script>\n<!-- \/ Yoast SEO plugin. -->","yoast_head_json":{"title":"Dietoterapia - DietaDuranovic","description":"Dietoterapia, o coloquialmente dieta, es el nombre no solo de un plan de dieta cuyo objetivo final es la reducci\u00f3n o aumento del peso...","robots":{"index":"index","follow":"follow","max-snippet":"max-snippet:-1","max-image-preview":"max-image-preview:large","max-video-preview":"max-video-preview:-1"},"canonical":"https:\/\/dietaduranovic.com\/es\/dietoterapia\/","og_locale":"es_ES","og_type":"article","og_title":"Dietoterapia - DietaDuranovic","og_description":"Dietoterapia, o coloquialmente dieta, es el nombre no solo de un plan de dieta cuyo objetivo final es la reducci\u00f3n o aumento del peso...","og_url":"https:\/\/dietaduranovic.com\/es\/dietoterapia\/","og_site_name":"DietaDuranovic","article_modified_time":"2021-10-18T16:30:34+00:00","og_image":[{"url":"https:\/\/dietaduranovic.com\/wp-content\/uploads\/2021\/10\/smokve-570x337.jpg","type":"","width":"","height":""}],"twitter_card":"summary_large_image","twitter_misc":{"Tiempo de lectura":"5 minutos"},"schema":{"@context":"https:\/\/schema.org","@graph":[{"@type":"WebPage","@id":"https:\/\/dietaduranovic.com\/es\/dietoterapia\/","url":"https:\/\/dietaduranovic.com\/es\/dietoterapia\/","name":"Dietoterapia - DietaDuranovic","isPartOf":{"@id":"https:\/\/dietaduranovic.com\/#website"},"primaryImageOfPage":{"@id":"https:\/\/dietaduranovic.com\/es\/dietoterapia\/#primaryimage"},"image":{"@id":"https:\/\/dietaduranovic.com\/es\/dietoterapia\/#primaryimage"},"thumbnailUrl":"https:\/\/dietaduranovic.com\/wp-content\/uploads\/2021\/10\/smokve-570x337.jpg","datePublished":"2021-10-18T16:25:43+00:00","dateModified":"2021-10-18T16:30:34+00:00","description":"Dietoterapia, o coloquialmente dieta, es el nombre no solo de un plan de dieta cuyo objetivo final es la reducci\u00f3n o aumento del peso...","inLanguage":"es","potentialAction":[{"@type":"ReadAction","target":["https:\/\/dietaduranovic.com\/es\/dietoterapia\/"]}]},{"@type":"ImageObject","inLanguage":"es","@id":"https:\/\/dietaduranovic.com\/es\/dietoterapia\/#primaryimage","url":"https:\/\/dietaduranovic.com\/wp-content\/uploads\/2021\/10\/smokve-570x337.jpg","contentUrl":"https:\/\/dietaduranovic.com\/wp-content\/uploads\/2021\/10\/smokve-570x337.jpg"},{"@type":"WebSite","@id":"https:\/\/dietaduranovic.com\/#website","url":"https:\/\/dietaduranovic.com\/","name":"DietaDuranovic","description":"","potentialAction":[{"@type":"SearchAction","target":{"@type":"EntryPoint","urlTemplate":"https:\/\/dietaduranovic.com\/?s={search_term_string}"},"query-input":{"@type":"PropertyValueSpecification","valueRequired":true,"valueName":"search_term_string"}}],"inLanguage":"es"}]}},"_links":{"self":[{"href":"https:\/\/dietaduranovic.com\/es\/wp-json\/wp\/v2\/pages\/2216","targetHints":{"allow":["GET"]}}],"collection":[{"href":"https:\/\/dietaduranovic.com\/es\/wp-json\/wp\/v2\/pages"}],"about":[{"href":"https:\/\/dietaduranovic.com\/es\/wp-json\/wp\/v2\/types\/page"}],"author":[{"embeddable":true,"href":"https:\/\/dietaduranovic.com\/es\/wp-json\/wp\/v2\/users\/1"}],"replies":[{"embeddable":true,"href":"https:\/\/dietaduranovic.com\/es\/wp-json\/wp\/v2\/comments?post=2216"}],"version-history":[{"count":4,"href":"https:\/\/dietaduranovic.com\/es\/wp-json\/wp\/v2\/pages\/2216\/revisions"}],"predecessor-version":[{"id":2229,"href":"https:\/\/dietaduranovic.com\/es\/wp-json\/wp\/v2\/pages\/2216\/revisions\/2229"}],"wp:attachment":[{"href":"https:\/\/dietaduranovic.com\/es\/wp-json\/wp\/v2\/media?parent=2216"}],"curies":[{"name":"wp","href":"https:\/\/api.w.org\/{rel}","templated":true}]}}